{"id":107,"date":"2025-12-03T23:59:52","date_gmt":"2025-12-03T23:59:52","guid":{"rendered":"https:\/\/31.220.63.250\/?product=poremizing-clear-toner"},"modified":"2026-01-17T04:15:41","modified_gmt":"2026-01-17T04:15:41","slug":"poremizing-clear-toner","status":"publish","type":"product","link":"https:\/\/evakoreanskin.com\/?product=poremizing-clear-toner","title":{"rendered":"Poremizing Clear Toner"},"content":{"rendered":"<p><em><strong>Qu\u00e9 Es<\/strong><\/em>:<\/p>\n<p>Un t\u00f3nico exfoliante con sales minerales y 4-HA (AHA, BHA, PHA, LHA) limpia suavemente los poros y elimina las c\u00e9lulas muertas de la piel.<\/p>\n<p><strong><em>Beneficios del producto:<\/em><\/strong><\/p>\n<p>Calmante, estiramiento de los poros<\/p>\n<p><em><strong>Tipo de piel:<\/strong><\/em><\/p>\n<p>A grasa, combinaci\u00f3n, sensible<\/p>\n<p><em><strong>Ingredientes clave:<\/strong><\/em><\/p>\n<p>Extracto de Centella Asiatica, sales minerales, extracto de corteza de Salix Alba (waw), \u00e1cido c\u00edtrico, \u00e1cido salic\u00edlico de capryloil, gluconolactona, \u00e1cido salic\u00edlico, \u00e1cido c\u00edtrico<\/p>\n","protected":false},"excerpt":{"rendered":"<p>Qu\u00e9 Es: Un t\u00f3nico exfoliante con sales minerales y 4-HA (AHA, BHA, PHA, LHA) limpia suavemente los poros y elimina las c\u00e9lulas muertas de la piel. Beneficios del producto: Calmante, estiramiento de los poros Tipo de piel: A grasa, combinaci\u00f3n, sensible Ingredientes clave: Extracto de Centella Asiatica, sales minerales, extracto de corteza de Salix Alba&#8230;<\/p>\n","protected":false},"featured_media":187,"comment_status":"open","ping_status":"closed","template":"","meta":{"_kad_post_transparent":"","_kad_post_title":"","_kad_post_layout":"","_kad_post_sidebar_id":"","_kad_post_content_style":"","_kad_post_vertical_padding":"","_kad_post_feature":"","_kad_post_feature_position":"","_kad_post_header":false,"_kad_post_footer":false,"_kad_post_classname":""},"product_brand":[],"product_cat":[22,24],"product_tag":[],"class_list":{"0":"post-107","1":"product","2":"type-product","3":"status-publish","4":"has-post-thumbnail","6":"product_cat-skincare","7":"product_cat-tonicos","9":"first","10":"instock","11":"sale","12":"taxable","13":"shipping-taxable","14":"purchasable","15":"product-type-simple","16":"entry","17":"content-bg","18":"loop-entry"},"jetpack_sharing_enabled":true,"_links":{"self":[{"href":"https:\/\/evakoreanskin.com\/index.php?rest_route=\/wp\/v2\/product\/107","targetHints":{"allow":["GET"]}}],"collection":[{"href":"https:\/\/evakoreanskin.com\/index.php?rest_route=\/wp\/v2\/product"}],"about":[{"href":"https:\/\/evakoreanskin.com\/index.php?rest_route=\/wp\/v2\/types\/product"}],"replies":[{"embeddable":true,"href":"https:\/\/evakoreanskin.com\/index.php?rest_route=%2Fwp%2Fv2%2Fcomments&post=107"}],"wp:featuredmedia":[{"embeddable":true,"href":"https:\/\/evakoreanskin.com\/index.php?rest_route=\/wp\/v2\/media\/187"}],"wp:attachment":[{"href":"https:\/\/evakoreanskin.com\/index.php?rest_route=%2Fwp%2Fv2%2Fmedia&parent=107"}],"wp:term":[{"taxonomy":"product_brand","embeddable":true,"href":"https:\/\/evakoreanskin.com\/index.php?rest_route=%2Fwp%2Fv2%2Fproduct_brand&post=107"},{"taxonomy":"product_cat","embeddable":true,"href":"https:\/\/evakoreanskin.com\/index.php?rest_route=%2Fwp%2Fv2%2Fproduct_cat&post=107"},{"taxonomy":"product_tag","embeddable":true,"href":"https:\/\/evakoreanskin.com\/index.php?rest_route=%2Fwp%2Fv2%2Fproduct_tag&post=107"}],"curies":[{"name":"wp","href":"https:\/\/api.w.org\/{rel}","templated":true}]}}