{"id":130,"date":"2025-12-03T23:59:54","date_gmt":"2025-12-03T23:59:54","guid":{"rendered":"https:\/\/31.220.63.250\/?product=tone-brightening-capsule-ampoule"},"modified":"2025-12-05T03:15:36","modified_gmt":"2025-12-05T03:15:36","slug":"tone-brightening-capsule-ampoule","status":"publish","type":"product","link":"https:\/\/evakoreanskin.com\/?product=tone-brightening-capsule-ampoule","title":{"rendered":"Tone Brightening Capsule Ampoule"},"content":{"rendered":"<p><em><strong>Qu\u00e9 Es:<\/strong><\/em><\/p>\n<p>Una ampolla ideal de uso diario con 4% de niacinamida, 2% de \u00e1cido tranex\u00e1mico y Madewhite\u2122 encapsulado para una correcci\u00f3n suave y efectiva de las manchas oscuras.<\/p>\n<p><em><strong>Beneficios del producto:<\/strong><\/em><\/p>\n<p>Calmante, correcci\u00f3n de manchas, obesura<\/p>\n<p><em><strong>Tipo de piel:<\/strong><\/em><\/p>\n<p>Normal, Sensible, Combinaci\u00f3n<\/p>\n<p><em><strong>Ingredientes clave:<\/strong><\/em><\/p>\n<p>Extracto de Centella Asiatica, Niacinamida, \u00c1cido Tranex\u00e1mico, \u00c1cido 3-O-Etil Asc\u00f3rbico, Madecas\u00f3si<\/p>\n","protected":false},"excerpt":{"rendered":"<p>Qu\u00e9 Es: Una ampolla ideal de uso diario con 4% de niacinamida, 2% de \u00e1cido tranex\u00e1mico y Madewhite\u2122 encapsulado para una correcci\u00f3n suave y efectiva de las manchas oscuras. Beneficios del producto: Calmante, correcci\u00f3n de manchas, obesura Tipo de piel: Normal, Sensible, Combinaci\u00f3n Ingredientes clave: Extracto de Centella Asiatica, Niacinamida, \u00c1cido Tranex\u00e1mico, \u00c1cido 3-O-Etil Asc\u00f3rbico,&#8230;<\/p>\n","protected":false},"featured_media":219,"comment_status":"open","ping_status":"closed","template":"","meta":{"_kad_post_transparent":"","_kad_post_title":"","_kad_post_layout":"","_kad_post_sidebar_id":"","_kad_post_content_style":"","_kad_post_vertical_padding":"","_kad_post_feature":"","_kad_post_feature_position":"","_kad_post_header":false,"_kad_post_footer":false,"_kad_post_classname":""},"product_brand":[],"product_cat":[23,22],"product_tag":[],"class_list":{"0":"post-130","1":"product","2":"type-product","3":"status-publish","4":"has-post-thumbnail","6":"product_cat-serum","7":"product_cat-skincare","9":"first","10":"outofstock","11":"sale","12":"taxable","13":"shipping-taxable","14":"purchasable","15":"product-type-simple","16":"entry","17":"content-bg","18":"loop-entry"},"jetpack_sharing_enabled":true,"_links":{"self":[{"href":"https:\/\/evakoreanskin.com\/index.php?rest_route=\/wp\/v2\/product\/130","targetHints":{"allow":["GET"]}}],"collection":[{"href":"https:\/\/evakoreanskin.com\/index.php?rest_route=\/wp\/v2\/product"}],"about":[{"href":"https:\/\/evakoreanskin.com\/index.php?rest_route=\/wp\/v2\/types\/product"}],"replies":[{"embeddable":true,"href":"https:\/\/evakoreanskin.com\/index.php?rest_route=%2Fwp%2Fv2%2Fcomments&post=130"}],"wp:featuredmedia":[{"embeddable":true,"href":"https:\/\/evakoreanskin.com\/index.php?rest_route=\/wp\/v2\/media\/219"}],"wp:attachment":[{"href":"https:\/\/evakoreanskin.com\/index.php?rest_route=%2Fwp%2Fv2%2Fmedia&parent=130"}],"wp:term":[{"taxonomy":"product_brand","embeddable":true,"href":"https:\/\/evakoreanskin.com\/index.php?rest_route=%2Fwp%2Fv2%2Fproduct_brand&post=130"},{"taxonomy":"product_cat","embeddable":true,"href":"https:\/\/evakoreanskin.com\/index.php?rest_route=%2Fwp%2Fv2%2Fproduct_cat&post=130"},{"taxonomy":"product_tag","embeddable":true,"href":"https:\/\/evakoreanskin.com\/index.php?rest_route=%2Fwp%2Fv2%2Fproduct_tag&post=130"}],"curies":[{"name":"wp","href":"https:\/\/api.w.org\/{rel}","templated":true}]}}