{"id":134,"date":"2025-12-03T23:59:54","date_gmt":"2025-12-03T23:59:54","guid":{"rendered":"https:\/\/31.220.63.250\/?product=tone-brightening-boosting-toner"},"modified":"2025-12-05T03:15:52","modified_gmt":"2025-12-05T03:15:52","slug":"tone-brightening-boosting-toner","status":"publish","type":"product","link":"https:\/\/evakoreanskin.com\/?product=tone-brightening-boosting-toner","title":{"rendered":"Tone Brightening Boosting Toner"},"content":{"rendered":"<p><em><strong>Qu\u00e9 es<\/strong><\/em>:<\/p>\n<p>Un t\u00f3nico exfoliante suave con extractos de frutas, Madewhite\u2122 y Niacinamida prepara la piel para el siguiente paso del cuidado de la piel.<\/p>\n<p><em><strong>Beneficios del producto<\/strong><\/em>:<\/p>\n<p>Calmante, correcci\u00f3n de manchas, obesura<\/p>\n<p><strong><em>Tipo de piel:<\/em><\/strong><\/p>\n<p>Normal, Sensible, Combinaci\u00f3n<\/p>\n<p><strong><em>Ingredientes clave:<\/em><\/strong><\/p>\n<p>Extracto de Centella Asiatica, Niacinamida, \u00c1cido 3-O-Etilo Asc\u00f3rbico, Madecassoside<\/p>\n","protected":false},"excerpt":{"rendered":"<p>Qu\u00e9 es: Un t\u00f3nico exfoliante suave con extractos de frutas, Madewhite\u2122 y Niacinamida prepara la piel para el siguiente paso del cuidado de la piel. Beneficios del producto: Calmante, correcci\u00f3n de manchas, obesura Tipo de piel: Normal, Sensible, Combinaci\u00f3n Ingredientes clave: Extracto de Centella Asiatica, Niacinamida, \u00c1cido 3-O-Etilo Asc\u00f3rbico, Madecassoside<\/p>\n","protected":false},"featured_media":215,"comment_status":"open","ping_status":"closed","template":"","meta":{"_kad_post_transparent":"","_kad_post_title":"","_kad_post_layout":"","_kad_post_sidebar_id":"","_kad_post_content_style":"","_kad_post_vertical_padding":"","_kad_post_feature":"","_kad_post_feature_position":"","_kad_post_header":false,"_kad_post_footer":false,"_kad_post_classname":""},"product_brand":[],"product_cat":[22,24],"product_tag":[],"class_list":{"0":"post-134","1":"product","2":"type-product","3":"status-publish","4":"has-post-thumbnail","6":"product_cat-skincare","7":"product_cat-tonicos","9":"first","10":"instock","11":"sale","12":"taxable","13":"shipping-taxable","14":"purchasable","15":"product-type-simple","16":"entry","17":"content-bg","18":"loop-entry"},"jetpack_sharing_enabled":true,"_links":{"self":[{"href":"https:\/\/evakoreanskin.com\/index.php?rest_route=\/wp\/v2\/product\/134","targetHints":{"allow":["GET"]}}],"collection":[{"href":"https:\/\/evakoreanskin.com\/index.php?rest_route=\/wp\/v2\/product"}],"about":[{"href":"https:\/\/evakoreanskin.com\/index.php?rest_route=\/wp\/v2\/types\/product"}],"replies":[{"embeddable":true,"href":"https:\/\/evakoreanskin.com\/index.php?rest_route=%2Fwp%2Fv2%2Fcomments&post=134"}],"wp:featuredmedia":[{"embeddable":true,"href":"https:\/\/evakoreanskin.com\/index.php?rest_route=\/wp\/v2\/media\/215"}],"wp:attachment":[{"href":"https:\/\/evakoreanskin.com\/index.php?rest_route=%2Fwp%2Fv2%2Fmedia&parent=134"}],"wp:term":[{"taxonomy":"product_brand","embeddable":true,"href":"https:\/\/evakoreanskin.com\/index.php?rest_route=%2Fwp%2Fv2%2Fproduct_brand&post=134"},{"taxonomy":"product_cat","embeddable":true,"href":"https:\/\/evakoreanskin.com\/index.php?rest_route=%2Fwp%2Fv2%2Fproduct_cat&post=134"},{"taxonomy":"product_tag","embeddable":true,"href":"https:\/\/evakoreanskin.com\/index.php?rest_route=%2Fwp%2Fv2%2Fproduct_tag&post=134"}],"curies":[{"name":"wp","href":"https:\/\/api.w.org\/{rel}","templated":true}]}}